{"id":4491,"date":"2009-09-08T16:33:06","date_gmt":"2009-09-08T16:33:06","guid":{"rendered":"https:\/\/kloster-notenson.com\/wordpress\/index.php\/about\/"},"modified":"2024-09-20T09:37:59","modified_gmt":"2024-09-20T09:37:59","slug":"about","status":"publish","type":"page","link":"https:\/\/kloster-notenson.com\/index.php\/servicios-services-2\/about\/","title":{"rendered":"El estudio \/ The studio"},"content":{"rendered":"\t\t<div data-elementor-type=\"wp-page\" data-elementor-id=\"4491\" class=\"elementor elementor-4491\">\n\t\t\t\t\t\t\t\t\t<section class=\"elementor-section elementor-top-section elementor-element elementor-element-2a16f7da elementor-section-boxed elementor-section-height-default elementor-section-height-default\" data-id=\"2a16f7da\" data-element_type=\"section\">\n\t\t\t\t\t\t<div class=\"elementor-container elementor-column-gap-no\">\n\t\t\t\t\t<div class=\"elementor-column elementor-col-100 elementor-top-column elementor-element elementor-element-28a01bdc\" data-id=\"28a01bdc\" data-element_type=\"column\">\n\t\t\t<div class=\"elementor-widget-wrap elementor-element-populated\">\n\t\t\t\t\t\t\t\t<div class=\"elementor-element elementor-element-6b85c462 elementor-widget elementor-widget-heading\" data-id=\"6b85c462\" data-element_type=\"widget\" data-widget_type=\"heading.default\">\n\t\t\t\t<div class=\"elementor-widget-container\">\n\t\t\t<style>\/*! elementor - v3.14.0 - 18-06-2023 *\/\n.elementor-heading-title{padding:0;margin:0;line-height:1}.elementor-widget-heading .elementor-heading-title[class*=elementor-size-]>a{color:inherit;font-size:inherit;line-height:inherit}.elementor-widget-heading .elementor-heading-title.elementor-size-small{font-size:15px}.elementor-widget-heading .elementor-heading-title.elementor-size-medium{font-size:19px}.elementor-widget-heading .elementor-heading-title.elementor-size-large{font-size:29px}.elementor-widget-heading .elementor-heading-title.elementor-size-xl{font-size:39px}.elementor-widget-heading .elementor-heading-title.elementor-size-xxl{font-size:59px}<\/style><h2 class=\"elementor-heading-title elementor-size-default\">EL ESTUDIO \/ THE STUDIO<\/h2>\t\t<\/div>\n\t\t\t\t<\/div>\n\t\t\t\t<div class=\"elementor-element elementor-element-50bf8bc6 animated-slow elementor-invisible elementor-widget elementor-widget-image\" data-id=\"50bf8bc6\" data-element_type=\"widget\" data-settings=\"{&quot;_animation&quot;:&quot;fadeInDown&quot;}\" data-widget_type=\"image.default\">\n\t\t\t\t<div class=\"elementor-widget-container\">\n\t\t\t<style>\/*! elementor - v3.14.0 - 18-06-2023 *\/\n.elementor-widget-image{text-align:center}.elementor-widget-image a{display:inline-block}.elementor-widget-image a img[src$=\".svg\"]{width:48px}.elementor-widget-image img{vertical-align:middle;display:inline-block}<\/style>\t\t\t\t\t\t\t\t\t\t\t\t<img loading=\"lazy\" decoding=\"async\" width=\"562\" height=\"349\" src=\"https:\/\/kloster-notenson.com\/wp-content\/uploads\/2024\/01\/kloster-notenson-2.jpg\" class=\"attachment-full size-full wp-image-6705\" alt=\"\" srcset=\"https:\/\/kloster-notenson.com\/wp-content\/uploads\/2024\/01\/kloster-notenson-2.jpg 562w, https:\/\/kloster-notenson.com\/wp-content\/uploads\/2024\/01\/kloster-notenson-2-300x186.jpg 300w\" sizes=\"auto, (max-width: 562px) 100vw, 562px\" \/>\t\t\t\t\t\t\t\t\t\t\t\t\t\t\t<\/div>\n\t\t\t\t<\/div>\n\t\t\t\t<section class=\"elementor-section elementor-inner-section elementor-element elementor-element-241ed734 elementor-section-full_width elementor-section-height-default elementor-section-height-default\" data-id=\"241ed734\" data-element_type=\"section\">\n\t\t\t\t\t\t<div class=\"elementor-container elementor-column-gap-no\">\n\t\t\t\t\t<div class=\"elementor-column elementor-col-100 elementor-inner-column elementor-element elementor-element-32710a95\" data-id=\"32710a95\" data-element_type=\"column\">\n\t\t\t<div class=\"elementor-widget-wrap elementor-element-populated\">\n\t\t\t\t\t\t\t\t<div class=\"elementor-element elementor-element-6b7ca573 animated-slow elementor-invisible elementor-widget elementor-widget-text-editor\" data-id=\"6b7ca573\" data-element_type=\"widget\" data-settings=\"{&quot;_animation&quot;:&quot;fadeInUp&quot;}\" data-widget_type=\"text-editor.default\">\n\t\t\t\t<div class=\"elementor-widget-container\">\n\t\t\t<style>\/*! elementor - v3.14.0 - 18-06-2023 *\/\n.elementor-widget-text-editor.elementor-drop-cap-view-stacked .elementor-drop-cap{background-color:#69727d;color:#fff}.elementor-widget-text-editor.elementor-drop-cap-view-framed .elementor-drop-cap{color:#69727d;border:3px solid;background-color:transparent}.elementor-widget-text-editor:not(.elementor-drop-cap-view-default) .elementor-drop-cap{margin-top:8px}.elementor-widget-text-editor:not(.elementor-drop-cap-view-default) .elementor-drop-cap-letter{width:1em;height:1em}.elementor-widget-text-editor .elementor-drop-cap{float:left;text-align:center;line-height:1;font-size:50px}.elementor-widget-text-editor .elementor-drop-cap-letter{display:inline-block}<\/style>\t\t\t\t<p><strong>ESTUDIO DE ARQUITECTURA CONTEMPOR\u00c1NEA EN M\u00c1LAGA<\/strong><\/p><p>El estudio est\u00e1 formado por <strong>Gustavo Kloster y Debora Notenson<\/strong>, arquitectos con una larga experiencia en dise\u00f1o residencial y comercial, y un equipo de colaboradores en distintas \u00e1reas, como el paisajismo o el dise\u00f1o gr\u00e1fico.<span class=\"Apple-converted-space\">\u00a0<\/span><\/p><p>Algunos de nuestros proyectos han aparecido en medios especializados nacionales, como la revista Cocinas y Ba\u00f1os (en portada), el suplemento loffit del diario ABC, en el que han descrito uno de nuestros proyectos como \u201cla casa m\u00e1s bella de Nueva Andaluc\u00eda\u201d o la revista El Mueble.<\/p><p><i><strong>CONTEMPORARY ARCHITECTURE STUDIO IN MALAGA<\/strong><\/i><\/p><p><i>The studio is formed by <strong>Gustavo Kloster and Debora Notenson<\/strong>, architects with a long experience in residential and commercial design, and a team of collaborators in different areas, such as landscaping or graphic design.<span class=\"Apple-converted-space\">\u00a0<\/span><\/i><\/p><p><i>Some of our projects have appeared in national specialised media, such as the magazine Cocinas y Ba\u00f1os (on the cover), the loffit supplement of the ABC newspaper, in which one of our projects has been described as \u00abthe most beautiful house in Nueva Andaluc\u00eda\u00bb, or the magazine El Mueble.<\/i><\/p>\t\t\t\t\t\t<\/div>\n\t\t\t\t<\/div>\n\t\t\t\t\t<\/div>\n\t\t<\/div>\n\t\t\t\t\t\t\t<\/div>\n\t\t<\/section>\n\t\t\t\t\t<\/div>\n\t\t<\/div>\n\t\t\t\t\t\t\t<\/div>\n\t\t<\/section>\n\t\t\t\t<section class=\"elementor-section elementor-top-section elementor-element elementor-element-3187febe elementor-section-full_width elementor-section-height-default elementor-section-height-default\" data-id=\"3187febe\" data-element_type=\"section\" data-settings=\"{&quot;background_background&quot;:&quot;classic&quot;}\">\n\t\t\t\t\t\t\t<div class=\"elementor-background-overlay\"><\/div>\n\t\t\t\t\t\t\t<div class=\"elementor-container elementor-column-gap-no\">\n\t\t\t\t\t<div class=\"elementor-column elementor-col-100 elementor-top-column elementor-element elementor-element-51a3a943\" data-id=\"51a3a943\" data-element_type=\"column\">\n\t\t\t<div class=\"elementor-widget-wrap\">\n\t\t\t\t\t\t\t\t\t<\/div>\n\t\t<\/div>\n\t\t\t\t\t\t\t<\/div>\n\t\t<\/section>\n\t\t\t\t\t\t\t<\/div>\n\t\t","protected":false},"excerpt":{"rendered":"<p>EL ESTUDIO \/ THE STUDIO ESTUDIO DE ARQUITECTURA CONTEMPOR\u00c1NEA EN M\u00c1LAGA El estudio est\u00e1 formado por Gustavo Kloster y Debora Notenson, arquitectos con una larga experiencia en dise\u00f1o residencial y comercial, y un equipo de colaboradores en distintas \u00e1reas, como el paisajismo o el dise\u00f1o gr\u00e1fico.\u00a0 Algunos de nuestros proyectos han aparecido en medios especializados nacionales, como la revista Cocinas y Ba\u00f1os (en portada), el suplemento loffit del diario ABC, en el que han descrito [&hellip;]<\/p>\n","protected":false},"author":1,"featured_media":0,"parent":37,"menu_order":0,"comment_status":"closed","ping_status":"closed","template":"page-templates\/full-width-no-title.php","meta":{"footnotes":""},"class_list":["post-4491","page","type-page","status-publish","hentry"],"yoast_head":"<!-- This site is optimized with the Yoast SEO plugin v22.5 - https:\/\/yoast.com\/wordpress\/plugins\/seo\/ -->\n<title>El estudio \/ The studio - Kloster-Notenson<\/title>\n<meta name=\"robots\" content=\"index, follow, max-snippet:-1, max-image-preview:large, max-video-preview:-1\" \/>\n<link rel=\"canonical\" href=\"https:\/\/kloster-notenson.com\/index.php\/servicios-services-2\/about\/\" \/>\n<meta property=\"og:locale\" content=\"es_ES\" \/>\n<meta property=\"og:type\" content=\"article\" \/>\n<meta property=\"og:title\" content=\"El estudio \/ The studio - Kloster-Notenson\" \/>\n<meta property=\"og:description\" content=\"EL ESTUDIO \/ THE STUDIO ESTUDIO DE ARQUITECTURA CONTEMPOR\u00c1NEA EN M\u00c1LAGA El estudio est\u00e1 formado por Gustavo Kloster y Debora Notenson, arquitectos con una larga experiencia en dise\u00f1o residencial y comercial, y un equipo de colaboradores en distintas \u00e1reas, como el paisajismo o el dise\u00f1o gr\u00e1fico.\u00a0 Algunos de nuestros proyectos han aparecido en medios especializados nacionales, como la revista Cocinas y Ba\u00f1os (en portada), el suplemento loffit del diario ABC, en el que han descrito [&hellip;]\" \/>\n<meta property=\"og:url\" content=\"https:\/\/kloster-notenson.com\/index.php\/servicios-services-2\/about\/\" \/>\n<meta property=\"og:site_name\" content=\"Kloster-Notenson\" \/>\n<meta property=\"article:modified_time\" content=\"2024-09-20T09:37:59+00:00\" \/>\n<meta property=\"og:image\" content=\"https:\/\/kloster-notenson.com\/wp-content\/uploads\/2024\/01\/kloster-notenson-2.jpg\" \/>\n<meta name=\"twitter:card\" content=\"summary_large_image\" \/>\n<meta name=\"twitter:label1\" content=\"Tiempo de lectura\" \/>\n\t<meta name=\"twitter:data1\" content=\"2 minutos\" \/>\n<script type=\"application\/ld+json\" class=\"yoast-schema-graph\">{\"@context\":\"https:\/\/schema.org\",\"@graph\":[{\"@type\":\"WebPage\",\"@id\":\"https:\/\/kloster-notenson.com\/index.php\/servicios-services-2\/about\/\",\"url\":\"https:\/\/kloster-notenson.com\/index.php\/servicios-services-2\/about\/\",\"name\":\"El estudio \/ The studio - Kloster-Notenson\",\"isPartOf\":{\"@id\":\"https:\/\/kloster-notenson.com\/#website\"},\"primaryImageOfPage\":{\"@id\":\"https:\/\/kloster-notenson.com\/index.php\/servicios-services-2\/about\/#primaryimage\"},\"image\":{\"@id\":\"https:\/\/kloster-notenson.com\/index.php\/servicios-services-2\/about\/#primaryimage\"},\"thumbnailUrl\":\"https:\/\/kloster-notenson.com\/wp-content\/uploads\/2024\/01\/kloster-notenson-2.jpg\",\"datePublished\":\"2009-09-08T16:33:06+00:00\",\"dateModified\":\"2024-09-20T09:37:59+00:00\",\"breadcrumb\":{\"@id\":\"https:\/\/kloster-notenson.com\/index.php\/servicios-services-2\/about\/#breadcrumb\"},\"inLanguage\":\"es\",\"potentialAction\":[{\"@type\":\"ReadAction\",\"target\":[\"https:\/\/kloster-notenson.com\/index.php\/servicios-services-2\/about\/\"]}]},{\"@type\":\"ImageObject\",\"inLanguage\":\"es\",\"@id\":\"https:\/\/kloster-notenson.com\/index.php\/servicios-services-2\/about\/#primaryimage\",\"url\":\"https:\/\/kloster-notenson.com\/wp-content\/uploads\/2024\/01\/kloster-notenson-2.jpg\",\"contentUrl\":\"https:\/\/kloster-notenson.com\/wp-content\/uploads\/2024\/01\/kloster-notenson-2.jpg\",\"width\":562,\"height\":349},{\"@type\":\"BreadcrumbList\",\"@id\":\"https:\/\/kloster-notenson.com\/index.php\/servicios-services-2\/about\/#breadcrumb\",\"itemListElement\":[{\"@type\":\"ListItem\",\"position\":1,\"name\":\"Portada\",\"item\":\"https:\/\/kloster-notenson.com\/\"},{\"@type\":\"ListItem\",\"position\":2,\"name\":\"Servicios \/ Services\",\"item\":\"https:\/\/kloster-notenson.com\/index.php\/servicios-services-2\/\"},{\"@type\":\"ListItem\",\"position\":3,\"name\":\"El estudio \/ The studio\"}]},{\"@type\":\"WebSite\",\"@id\":\"https:\/\/kloster-notenson.com\/#website\",\"url\":\"https:\/\/kloster-notenson.com\/\",\"name\":\"Kloster-Notenson\",\"description\":\"Arquitectura \/ Architecture\",\"publisher\":{\"@id\":\"https:\/\/kloster-notenson.com\/#organization\"},\"potentialAction\":[{\"@type\":\"SearchAction\",\"target\":{\"@type\":\"EntryPoint\",\"urlTemplate\":\"https:\/\/kloster-notenson.com\/?s={search_term_string}\"},\"query-input\":\"required name=search_term_string\"}],\"inLanguage\":\"es\"},{\"@type\":\"Organization\",\"@id\":\"https:\/\/kloster-notenson.com\/#organization\",\"name\":\"Kloster-Notenson\",\"url\":\"https:\/\/kloster-notenson.com\/\",\"logo\":{\"@type\":\"ImageObject\",\"inLanguage\":\"es\",\"@id\":\"https:\/\/kloster-notenson.com\/#\/schema\/logo\/image\/\",\"url\":\"https:\/\/kloster-notenson.com\/wp-content\/uploads\/2023\/09\/cropped-Logo-color-BLANCO-P.png\",\"contentUrl\":\"https:\/\/kloster-notenson.com\/wp-content\/uploads\/2023\/09\/cropped-Logo-color-BLANCO-P.png\",\"width\":709,\"height\":670,\"caption\":\"Kloster-Notenson\"},\"image\":{\"@id\":\"https:\/\/kloster-notenson.com\/#\/schema\/logo\/image\/\"}}]}<\/script>\n<!-- \/ Yoast SEO plugin. -->","yoast_head_json":{"title":"El estudio \/ The studio - Kloster-Notenson","robots":{"index":"index","follow":"follow","max-snippet":"max-snippet:-1","max-image-preview":"max-image-preview:large","max-video-preview":"max-video-preview:-1"},"canonical":"https:\/\/kloster-notenson.com\/index.php\/servicios-services-2\/about\/","og_locale":"es_ES","og_type":"article","og_title":"El estudio \/ The studio - Kloster-Notenson","og_description":"EL ESTUDIO \/ THE STUDIO ESTUDIO DE ARQUITECTURA CONTEMPOR\u00c1NEA EN M\u00c1LAGA El estudio est\u00e1 formado por Gustavo Kloster y Debora Notenson, arquitectos con una larga experiencia en dise\u00f1o residencial y comercial, y un equipo de colaboradores en distintas \u00e1reas, como el paisajismo o el dise\u00f1o gr\u00e1fico.\u00a0 Algunos de nuestros proyectos han aparecido en medios especializados nacionales, como la revista Cocinas y Ba\u00f1os (en portada), el suplemento loffit del diario ABC, en el que han descrito [&hellip;]","og_url":"https:\/\/kloster-notenson.com\/index.php\/servicios-services-2\/about\/","og_site_name":"Kloster-Notenson","article_modified_time":"2024-09-20T09:37:59+00:00","og_image":[{"url":"https:\/\/kloster-notenson.com\/wp-content\/uploads\/2024\/01\/kloster-notenson-2.jpg"}],"twitter_card":"summary_large_image","twitter_misc":{"Tiempo de lectura":"2 minutos"},"schema":{"@context":"https:\/\/schema.org","@graph":[{"@type":"WebPage","@id":"https:\/\/kloster-notenson.com\/index.php\/servicios-services-2\/about\/","url":"https:\/\/kloster-notenson.com\/index.php\/servicios-services-2\/about\/","name":"El estudio \/ The studio - Kloster-Notenson","isPartOf":{"@id":"https:\/\/kloster-notenson.com\/#website"},"primaryImageOfPage":{"@id":"https:\/\/kloster-notenson.com\/index.php\/servicios-services-2\/about\/#primaryimage"},"image":{"@id":"https:\/\/kloster-notenson.com\/index.php\/servicios-services-2\/about\/#primaryimage"},"thumbnailUrl":"https:\/\/kloster-notenson.com\/wp-content\/uploads\/2024\/01\/kloster-notenson-2.jpg","datePublished":"2009-09-08T16:33:06+00:00","dateModified":"2024-09-20T09:37:59+00:00","breadcrumb":{"@id":"https:\/\/kloster-notenson.com\/index.php\/servicios-services-2\/about\/#breadcrumb"},"inLanguage":"es","potentialAction":[{"@type":"ReadAction","target":["https:\/\/kloster-notenson.com\/index.php\/servicios-services-2\/about\/"]}]},{"@type":"ImageObject","inLanguage":"es","@id":"https:\/\/kloster-notenson.com\/index.php\/servicios-services-2\/about\/#primaryimage","url":"https:\/\/kloster-notenson.com\/wp-content\/uploads\/2024\/01\/kloster-notenson-2.jpg","contentUrl":"https:\/\/kloster-notenson.com\/wp-content\/uploads\/2024\/01\/kloster-notenson-2.jpg","width":562,"height":349},{"@type":"BreadcrumbList","@id":"https:\/\/kloster-notenson.com\/index.php\/servicios-services-2\/about\/#breadcrumb","itemListElement":[{"@type":"ListItem","position":1,"name":"Portada","item":"https:\/\/kloster-notenson.com\/"},{"@type":"ListItem","position":2,"name":"Servicios \/ Services","item":"https:\/\/kloster-notenson.com\/index.php\/servicios-services-2\/"},{"@type":"ListItem","position":3,"name":"El estudio \/ The studio"}]},{"@type":"WebSite","@id":"https:\/\/kloster-notenson.com\/#website","url":"https:\/\/kloster-notenson.com\/","name":"Kloster-Notenson","description":"Arquitectura \/ Architecture","publisher":{"@id":"https:\/\/kloster-notenson.com\/#organization"},"potentialAction":[{"@type":"SearchAction","target":{"@type":"EntryPoint","urlTemplate":"https:\/\/kloster-notenson.com\/?s={search_term_string}"},"query-input":"required name=search_term_string"}],"inLanguage":"es"},{"@type":"Organization","@id":"https:\/\/kloster-notenson.com\/#organization","name":"Kloster-Notenson","url":"https:\/\/kloster-notenson.com\/","logo":{"@type":"ImageObject","inLanguage":"es","@id":"https:\/\/kloster-notenson.com\/#\/schema\/logo\/image\/","url":"https:\/\/kloster-notenson.com\/wp-content\/uploads\/2023\/09\/cropped-Logo-color-BLANCO-P.png","contentUrl":"https:\/\/kloster-notenson.com\/wp-content\/uploads\/2023\/09\/cropped-Logo-color-BLANCO-P.png","width":709,"height":670,"caption":"Kloster-Notenson"},"image":{"@id":"https:\/\/kloster-notenson.com\/#\/schema\/logo\/image\/"}}]}},"_links":{"self":[{"href":"https:\/\/kloster-notenson.com\/index.php\/wp-json\/wp\/v2\/pages\/4491","targetHints":{"allow":["GET"]}}],"collection":[{"href":"https:\/\/kloster-notenson.com\/index.php\/wp-json\/wp\/v2\/pages"}],"about":[{"href":"https:\/\/kloster-notenson.com\/index.php\/wp-json\/wp\/v2\/types\/page"}],"author":[{"embeddable":true,"href":"https:\/\/kloster-notenson.com\/index.php\/wp-json\/wp\/v2\/users\/1"}],"replies":[{"embeddable":true,"href":"https:\/\/kloster-notenson.com\/index.php\/wp-json\/wp\/v2\/comments?post=4491"}],"version-history":[{"count":51,"href":"https:\/\/kloster-notenson.com\/index.php\/wp-json\/wp\/v2\/pages\/4491\/revisions"}],"predecessor-version":[{"id":6883,"href":"https:\/\/kloster-notenson.com\/index.php\/wp-json\/wp\/v2\/pages\/4491\/revisions\/6883"}],"up":[{"embeddable":true,"href":"https:\/\/kloster-notenson.com\/index.php\/wp-json\/wp\/v2\/pages\/37"}],"wp:attachment":[{"href":"https:\/\/kloster-notenson.com\/index.php\/wp-json\/wp\/v2\/media?parent=4491"}],"curies":[{"name":"wp","href":"https:\/\/api.w.org\/{rel}","templated":true}]}}